{"id":14,"date":"2023-11-10T22:00:08","date_gmt":"2023-11-10T22:00:08","guid":{"rendered":"https:\/\/preview.utpparts.com\/?page_id=14"},"modified":"2026-04-24T19:03:54","modified_gmt":"2026-04-24T19:03:54","slug":"pt6a-engines","status":"publish","type":"page","link":"https:\/\/utpparts.com\/es\/pt6a-engines\/","title":{"rendered":"Motores PT6A"},"content":{"rendered":"<div class=\"wp-block-stackable-columns alignfull stk-block-columns stk-block stk-b145ae8 stk-block-background stk--has-background-overlay\" data-block-id=\"b145ae8\"><style>.stk-b145ae8 .stk--block-align-b145ae8{align-items:center !important;}.stk-b145ae8 {background-color:var(--theme-palette-color-7, #a9cbd8) !important;background-position:top center !important;background-repeat:no-repeat !important;background-size:cover !important;min-height:375px !important;align-items:center !important;padding-top:150px !important;margin-top:-200px !important;margin-bottom:0px !important;display:flex !important;}.stk-b145ae8:before{background-color:var(--theme-palette-color-7, #a9cbd8) !important;opacity:0 !important;}<\/style><div class=\"stk-row stk-inner-blocks has-text-align-center stk--block-align-b145ae8 stk-block-content stk-content-align stk-b145ae8-column\">\n<div class=\"wp-block-stackable-column stk-block-column stk-column stk-block stk-a863b43\" data-v=\"4\" data-block-id=\"a863b43\"><div class=\"stk-column-wrapper stk-block-column__content stk-container stk-a863b43-container stk--no-background stk--no-padding\"><div class=\"stk-block-content stk-inner-blocks stk-a863b43-inner-blocks\">\n<div class=\"wp-block-stackable-heading stk-block-heading stk-block-heading--v2 stk-block stk-48203a0\" id=\"pt-6-a-engines\" data-block-id=\"48203a0\"><style>.stk-48203a0 {margin-top:0px !important;margin-bottom:15px !important;}.stk-48203a0 .stk-block-heading__text{font-size:68px !important;color:var(--theme-palette-color-4, #16314b) !important;line-height:1.1em !important;font-weight:bold !important;}@media screen and (max-width:999px){.stk-48203a0 .stk-block-heading__text{font-size:50px !important;}}<\/style><h1 class=\"stk-block-heading__text has-text-color\">Motores PT6A<\/h1><\/div>\n<\/div><\/div><\/div>\n<\/div><video class=\"stk-video-background\" autoplay muted loop playsinline src=\"https:\/\/utpparts.com\/wp-content\/uploads\/2023\/11\/UTP-Flying.mp4\" poster=\"\"><\/video><\/div>\n\n\n\n<div class=\"wp-block-stackable-columns alignfull stk-block-columns stk-block stk-8e8ebc2 stk-block-background stk--has-background-overlay\" data-block-id=\"8e8ebc2\"><style>.stk-8e8ebc2 {background-color:var(--theme-palette-color-8, #ffffff) !important;background-image:url(https:\/\/utpparts.com\/wp-content\/uploads\/2023\/11\/pt6-engine-light.jpg) !important;min-height:400px !important;align-items:center !important;padding-top:3em !important;padding-bottom:3em !important;margin-bottom:0px !important;display:flex !important;}.stk-8e8ebc2:before{background-color:var(--theme-palette-color-8, #ffffff) !important;opacity:0.7 !important;}.stk-8e8ebc2-column{--stk-column-gap:70px !important;}<\/style><div class=\"stk-row stk-inner-blocks stk-block-content stk-content-align stk-8e8ebc2-column\">\n<div class=\"wp-block-stackable-column stk-block-column stk-column stk-block stk-ee87a55\" data-v=\"4\" data-block-id=\"ee87a55\"><style>.stk-ee87a55 {align-self:center !important;}<\/style><div class=\"stk-column-wrapper stk-block-column__content stk-container stk-ee87a55-container stk--no-background stk--no-padding\"><div class=\"stk-block-content stk-inner-blocks stk-ee87a55-inner-blocks\">\n<div class=\"wp-block-stackable-heading stk-block-heading stk-block-heading--v2 stk-block stk-1759ed3\" id=\"find-the-strong-pt-6-a-engine-you-need-with-expert-service-you-can-count-on-strong\" data-block-id=\"1759ed3\"><h2 class=\"stk-block-heading__text has-text-align-center\">Encuentra el <strong>El motor PT6A que necesita, con un servicio t\u00e9cnico experto en el que puede confiar.<\/strong><\/h2><\/div>\n\n\n\n<h2 class=\"wp-block-heading has-text-align-center has-palette-color-4-color has-text-color has-link-color wp-elements-cd1264aacc3850d8fa2402057f50f46d\" style=\"font-size:clamp(16.293px, 1.018rem + ((1vw - 3.2px) * 0.68), 25px);\"><strong>Motores que se disparan a precios que no lo hacen.&nbsp;<br>UTP: <a href=\"tel:334-361-7853\" data-type=\"tel\" data-id=\"tel:334-361-7853\">334.361.7853<\/a><\/strong><br>Jeff Raines: <a href=\"tel:334-380-8611\" data-type=\"tel\" data-id=\"tel:334-380-8611\">334.380.8611<\/a><\/h2>\n<\/div><\/div><\/div>\n<\/div><\/div>\n\n\n\n<div style=\"height:50px\" aria-hidden=\"true\" class=\"wp-block-spacer\"><\/div>\n\n\n\n<div class=\"wp-block-stackable-columns alignfull stk-block-columns stk-block stk-e54da46\" data-block-id=\"e54da46\"><div class=\"stk-row stk-inner-blocks stk-block-content stk-content-align stk-e54da46-column\">\n<div class=\"wp-block-stackable-column stk-block-column stk-column stk-block stk-384aff5\" data-v=\"4\" data-block-id=\"384aff5\"><style>@media screen and (min-width:690px){.stk-384aff5 {flex:var(--stk-flex-grow, 1) 1 calc(20% - var(--stk-column-gap, 0px) * 2 \/ 3 ) !important;}}<\/style><div class=\"stk-column-wrapper stk-block-column__content stk-container stk-384aff5-container stk--no-background stk--no-padding\"><div class=\"stk-block-content stk-inner-blocks stk-384aff5-inner-blocks\"><\/div><\/div><\/div>\n\n\n\n<div class=\"wp-block-stackable-column stk-block-column stk-column stk-block stk-021372c\" data-v=\"4\" data-block-id=\"021372c\"><style>@media screen and (min-width:690px){.stk-021372c {flex:var(--stk-flex-grow, 1) 1 calc(60% - var(--stk-column-gap, 0px) * 2 \/ 3 ) !important;}}<\/style><div class=\"stk-column-wrapper stk-block-column__content stk-container stk-021372c-container stk--no-background stk--no-padding\"><div class=\"stk-block-content stk-inner-blocks stk-021372c-inner-blocks\">\n<div class=\"wp-block-stackable-heading stk-block-heading stk-block-heading--v2 stk-block stk-02d842b\" id=\"strong-available-pt-6-a-engines-strong\" data-block-id=\"02d842b\"><h2 class=\"stk-block-heading__text has-text-align-center\"><strong>Motores PT6A disponibles<\/strong><\/h2><\/div>\n\n\n\n<p style=\"font-size:clamp(0.875rem, 0.875rem + ((1vw - 0.2rem) * 0.406), 1.2rem);\"><strong>En UTP, nos enorgullecemos de ofrecer los modelos m\u00e1s populares de motores PT6A, con todas las especificaciones que busca. Ofrecemos nuestros motores para la venta directa y tambi\u00e9n aceptamos su motor usado como parte de pago.<\/strong><\/p>\n\n\n\n<p>Nuestro servicio de gesti\u00f3n de motores utiliza nuestro amplio conocimiento y experiencia y aprovecha nuestro enorme stock de piezas reparables usadas para reducir el costo de su evento de mantenimiento. UTP trabaja con nuestra extensa red de proveedores para ahorrarle a\u00fan m\u00e1s dinero al abastecer nuestro inventario con piezas \u00fatiles y de calidad.<\/p>\n\n\n\n<p>Trabajamos \u00fanicamente con los talleres de motores de turbina de la m\u00e1s alta calidad del mundo. Nuestro precio es el m\u00e1s competitivo del mercado. Perm\u00edtanos ayudarlo a administrar los costos de su motor proporcion\u00e1ndole motores y piezas de repuesto, o administrando su pr\u00f3ximo evento de mantenimiento o revisi\u00f3n.<\/p>\n\n\n\n<p>Nuestro stock de motores cambia diariamente, por lo que le rogamos que se ponga en contacto con nosotros para conocer el inventario actual, las especificaciones y los precios. Correo electr\u00f3nico&nbsp;<a href=\"mailto:jraines@utpparts.com\">Jeff Raines<\/a> o ll\u00e1melo al 334-380-8611.<\/p>\n<\/div><\/div><\/div>\n\n\n\n<div class=\"wp-block-stackable-column stk-block-column stk-column stk-block stk-d0f1ec9\" data-v=\"4\" data-block-id=\"d0f1ec9\"><style>@media screen and (min-width:690px){.stk-d0f1ec9 {flex:var(--stk-flex-grow, 1) 1 calc(20% - var(--stk-column-gap, 0px) * 2 \/ 3 ) !important;}}<\/style><div class=\"stk-column-wrapper stk-block-column__content stk-container stk-d0f1ec9-container stk--no-background stk--no-padding\"><div class=\"stk-block-content stk-inner-blocks stk-d0f1ec9-inner-blocks\"><\/div><\/div><\/div>\n<\/div><\/div>\n\n\n\n<div style=\"height:50px\" aria-hidden=\"true\" class=\"wp-block-spacer\"><\/div>\n\n\n\n<div class=\"wp-block-stackable-columns stk-block-columns stk-block stk-fbadc62\" data-block-id=\"fbadc62\"><style>.stk-fbadc62-column{--stk-column-gap:70px !important;}<\/style><div class=\"stk-row stk-inner-blocks stk-block-content stk-content-align stk-fbadc62-column\">\n<div class=\"wp-block-stackable-column stk-block-column stk-column stk-block stk-1e99ef7\" data-v=\"4\" data-block-id=\"1e99ef7\"><style>.stk-1e99ef7-container{margin-top:0px !important;margin-right:0px !important;margin-bottom:0px !important;margin-left:0px !important;}.stk-1e99ef7 {padding-top:0px !important;padding-right:0px !important;padding-bottom:0px !important;padding-left:0px !important;margin-top:0px !important;margin-right:0px !important;margin-bottom:0px !important;margin-left:0px !important;}@media screen and (min-width:690px){.stk-1e99ef7 {flex:var(--stk-flex-grow, 1) 1 66.7% !important;}}<\/style><div class=\"stk-column-wrapper stk-block-column__content stk-container stk-1e99ef7-container stk--no-background stk--no-padding\"><div class=\"stk-block-content stk-inner-blocks stk-1e99ef7-inner-blocks\">\n<div class=\"wp-block-stackable-heading stk-block-heading stk-block-heading--v2 stk-block stk-b3d41fd\" id=\"offering-the-industrys-largest-stock-of-pt-6-a-engines-and-parts\" data-block-id=\"b3d41fd\"><style>.stk-b3d41fd {margin-bottom:20px !important;}.stk-b3d41fd .stk-block-heading__text{font-size:2.5rem !important;color:var(--theme-palette-color-1, #405270) !important;}@media screen and (max-width:999px){.stk-b3d41fd .stk-block-heading__text{font-size:2.5rem !important;}}<\/style><h3 class=\"stk-block-heading__text has-text-color\">Ofrecemos el mayor stock de motores y repuestos PT6A del sector.<\/h3><\/div>\n\n\n\n<div class=\"wp-block-stackable-text stk-block-text stk-block stk-a255db9\" data-block-id=\"a255db9\"><p class=\"stk-block-text__text\">Los precios y la disponibilidad se cotizan al instante y se env\u00edan diariamente para satisfacer todas sus necesidades.<\/p><\/div>\n\n\n\n<figure class=\"wp-block-image alignfull size-full\"><img loading=\"lazy\" decoding=\"async\" width=\"1847\" height=\"1238\" src=\"https:\/\/utpparts.com\/wp-content\/uploads\/2024\/01\/pt6-engine.jpg\" alt=\"\" class=\"wp-image-331\" srcset=\"https:\/\/utpparts.com\/wp-content\/uploads\/2024\/01\/pt6-engine.jpg 1847w, https:\/\/utpparts.com\/wp-content\/uploads\/2024\/01\/pt6-engine-300x201.jpg 300w, https:\/\/utpparts.com\/wp-content\/uploads\/2024\/01\/pt6-engine-1024x686.jpg 1024w, https:\/\/utpparts.com\/wp-content\/uploads\/2024\/01\/pt6-engine-768x515.jpg 768w, https:\/\/utpparts.com\/wp-content\/uploads\/2024\/01\/pt6-engine-1536x1030.jpg 1536w, https:\/\/utpparts.com\/wp-content\/uploads\/2024\/01\/pt6-engine-18x12.jpg 18w\" sizes=\"auto, (max-width: 1847px) 100vw, 1847px\" \/><\/figure>\n<\/div><\/div><\/div>\n\n\n\n<div class=\"wp-block-stackable-column stk-block-column stk-column stk-block stk-e014743 stk-block-background\" data-v=\"4\" data-block-id=\"e014743\"><style>.stk-e014743 {background-color:#7dd7df24 !important;align-items:center !important;display:flex !important;}.stk-e014743:before{background-color:#7dd7df24 !important;}@media screen and (min-width:690px){.stk-e014743 {flex:var(--stk-flex-grow, 1) 1 33.3% !important;}}<\/style><div class=\"stk-column-wrapper stk-block-column__content stk-container stk-e014743-container stk--no-background stk--no-padding\"><div class=\"stk-block-content stk-inner-blocks stk-e014743-inner-blocks\">\n<ul class=\"wp-block-list parts-list\">\n<li>PT6A-21<\/li>\n\n\n\n<li>PT6A-27\/28<\/li>\n\n\n\n<li>PT6A-34 \/AG<\/li>\n\n\n\n<li>PT6A-36<\/li>\n\n\n\n<li>PT6A-41<\/li>\n\n\n\n<li>PT6A-42\/A<\/li>\n\n\n\n<li>PT6A-45<\/li>\n\n\n\n<li>PT6A-50<\/li>\n\n\n\n<li>PT6A-52<\/li>\n\n\n\n<li>PT6A-60A<\/li>\n\n\n\n<li>PT6A-65 AR\/AG\/B\/R<\/li>\n\n\n\n<li>PT6A-67 \/D\/R\/AG<\/li>\n\n\n\n<li>PT6A-114A<\/li>\n\n\n\n<li>PT6A-135\/A<\/li>\n<\/ul>\n<\/div><\/div><\/div>\n<\/div><\/div>\n\n\n\n<div style=\"height:63px\" aria-hidden=\"true\" class=\"wp-block-spacer\"><\/div>\n\n\n\n<div class=\"wp-block-stackable-button-group aligncenter stk-block-button-group stk-block stk-ccb9068\" data-block-id=\"ccb9068\"><style>.stk-ccb9068 .stk-button-group{align-items:center !important;}.stk-ccb9068 {margin-bottom:25px !important;display:flex !important;}<\/style><div class=\"stk-row stk-inner-blocks has-text-align-center stk-block-content stk-button-group\">\n<div class=\"wp-block-stackable-button stk-block-button has-text-align-center stk-block stk-c2f121a\" data-block-id=\"c2f121a\"><style>.stk-c2f121a .stk-button:hover:after{background:var(--theme-palette-color-1, #405270) !important;opacity:1 !important;}<\/style><a class=\"stk-link stk-button stk--hover-effect-lift\" href=\"https:\/\/utpparts.com\/es\/contact\/#form\"><span class=\"stk-button__inner-text\">Ponerse en contacto<\/span><\/a><\/div>\n<\/div><\/div>\n\n\n\n<div style=\"height:63px\" aria-hidden=\"true\" class=\"wp-block-spacer\"><\/div>","protected":false},"excerpt":{"rendered":"<p>PT6A Engines Find the PT6A engine you need, with expert service you can count on. Engines that soar at prices that don\u2019t.&nbsp;UTP: 334.361.7853Jeff Raines: 334.380.8611 Available PT6A Engines At UTP, we pride ourselves on offering the\u00a0most popular models of PT6A engines, with all the specifications you&#8217;re looking for.\u00a0We offer our engines for outright sale and [&hellip;]<\/p>\n","protected":false},"author":1,"featured_media":0,"parent":0,"menu_order":0,"comment_status":"closed","ping_status":"closed","template":"","meta":{"footnotes":""},"class_list":["post-14","page","type-page","status-publish","hentry"],"blocksy_meta":[],"_links":{"self":[{"href":"https:\/\/utpparts.com\/es\/wp-json\/wp\/v2\/pages\/14","targetHints":{"allow":["GET"]}}],"collection":[{"href":"https:\/\/utpparts.com\/es\/wp-json\/wp\/v2\/pages"}],"about":[{"href":"https:\/\/utpparts.com\/es\/wp-json\/wp\/v2\/types\/page"}],"author":[{"embeddable":true,"href":"https:\/\/utpparts.com\/es\/wp-json\/wp\/v2\/users\/1"}],"replies":[{"embeddable":true,"href":"https:\/\/utpparts.com\/es\/wp-json\/wp\/v2\/comments?post=14"}],"version-history":[{"count":21,"href":"https:\/\/utpparts.com\/es\/wp-json\/wp\/v2\/pages\/14\/revisions"}],"predecessor-version":[{"id":2331,"href":"https:\/\/utpparts.com\/es\/wp-json\/wp\/v2\/pages\/14\/revisions\/2331"}],"wp:attachment":[{"href":"https:\/\/utpparts.com\/es\/wp-json\/wp\/v2\/media?parent=14"}],"curies":[{"name":"gracias","href":"https:\/\/api.w.org\/{rel}","templated":true}]}}