{"id":3,"date":"2023-11-09T20:12:15","date_gmt":"2023-11-09T20:12:15","guid":{"rendered":"https:\/\/preview.utpparts.com\/?page_id=3"},"modified":"2025-07-01T19:42:32","modified_gmt":"2025-07-01T19:42:32","slug":"privacy-policy","status":"publish","type":"page","link":"https:\/\/utpparts.com\/es\/privacy-policy\/","title":{"rendered":"pol\u00edtica de privacidad"},"content":{"rendered":"<div class=\"wp-block-stackable-columns alignfull stk-block-columns stk-block stk-b145ae8 stk-block-background stk--has-background-overlay\" data-block-id=\"b145ae8\"><style>.stk-b145ae8 .stk--block-align-b145ae8{align-items:center !important}.stk-b145ae8{background-color:var(--theme-palette-color-7,#a9cbd8) !important;background-position:top center !important;background-repeat:no-repeat !important;background-size:cover !important;min-height:375px !important;align-items:center !important;padding-top:150px !important;margin-top:-200px !important;margin-bottom:0px !important;display:flex !important}.stk-b145ae8:before{background-color:var(--theme-palette-color-7,#a9cbd8) !important;opacity:0 !important}<\/style><div class=\"stk-row stk-inner-blocks has-text-align-center stk--block-align-b145ae8 stk-block-content stk-content-align stk-b145ae8-column\">\n<div class=\"wp-block-stackable-column stk-block-column stk-column stk-block stk-a863b43\" data-v=\"4\" data-block-id=\"a863b43\"><div class=\"stk-column-wrapper stk-block-column__content stk-container stk-a863b43-container stk--no-background stk--no-padding\"><div class=\"stk-block-content stk-inner-blocks stk-a863b43-inner-blocks\">\n<div class=\"wp-block-stackable-heading stk-block-heading stk-block-heading--v2 stk-block stk-48203a0\" id=\"privacy-policy\" data-block-id=\"48203a0\"><style>.stk-48203a0{margin-top:0px !important;margin-bottom:15px !important}.stk-48203a0 .stk-block-heading__text{font-size:68px !important;color:var(--theme-palette-color-4,#16314b) !important;line-height:1.1em !important;font-weight:bold !important}@media screen and (max-width:999px){.stk-48203a0 .stk-block-heading__text{font-size:50px !important}}<\/style><h1 class=\"stk-block-heading__text has-text-color\">pol\u00edtica de privacidad<\/h1><\/div>\n<\/div><\/div><\/div>\n<\/div><video class=\"stk-video-background\" autoplay muted loop playsinline src=\"https:\/\/utpparts.com\/wp-content\/uploads\/2023\/11\/UTP-Flying.mp4\"><\/video><\/div>\n\n\n\n<h2 class=\"wp-block-heading\">Quienes somos<\/h2>\n\n\n\n<p>UTP, y la direcci\u00f3n de nuestro sitio web es <a href=\"https:\/\/utpparts.com\/es\/\" data-type=\"page\" data-id=\"2\">UTPparts.com<\/a>.<\/p>\n\n\n\n<h2 class=\"wp-block-heading\">Contenido incrustado de otros sitios web<\/h2>\n\n\n\n<p>Las p\u00e1ginas de este sitio pueden incluir contenido incrustado (por ejemplo, v\u00eddeos, im\u00e1genes, art\u00edculos, etc.). El contenido incrustado de otros sitios web se comporta exactamente como si el visitante hubiera visitado el otro sitio web.<\/p>\n\n\n\n<p>Estos sitios web pueden recopilar datos sobre usted, utilizar cookies, incrustar un seguimiento adicional de terceros y supervisar su interacci\u00f3n con ese contenido incrustado, incluido el seguimiento de su interacci\u00f3n con el contenido incrustado si tiene una cuenta y est\u00e1 conectado a ese sitio web.<\/p>\n\n\n\n<h2 class=\"wp-block-heading\">Con qui\u00e9n compartimos tus datos<\/h2>\n\n\n\n<p>No compartimos sus datos con nadie fuera de UTP.<\/p>\n\n\n\n<h2 class=\"wp-block-heading\">Durante cu\u00e1nto tiempo conservamos sus datos<\/h2>\n\n\n\n<p>No conservamos sus datos en nuestro sitio web.<\/p>\n\n\n\n<h2 class=\"wp-block-heading\">Qu\u00e9 derechos tienes sobre tus datos<\/h2>\n\n\n\n<p>Si ha completado un formulario en nuestro sitio web, puede solicitar recibir un archivo exportado de los datos personales que nos ha proporcionado. Tambi\u00e9n puede solicitar que borremos cualquier dato personal que haya enviado. Esto no incluye ning\u00fan dato que debamos conservar con fines administrativos, legales o de seguridad.<\/p>\n\n\n\n<div style=\"height:63px\" aria-hidden=\"true\" class=\"wp-block-spacer\"><\/div>\n\n\n\n<div class=\"wp-block-stackable-button-group aligncenter stk-block-button-group stk-block stk-ccb9068\" data-block-id=\"ccb9068\"><style>.stk-ccb9068{align-items:center !important;margin-bottom:25px !important;display:flex !important}<\/style><div class=\"stk-row stk-inner-blocks has-text-align-center stk-block-content stk-button-group\">\n<div class=\"wp-block-stackable-button stk-block-button has-text-align-center stk-block stk-c2f121a\" data-block-id=\"c2f121a\"><a class=\"stk-link stk-button stk--hover-effect-darken\" href=\"https:\/\/utpparts.com\/es\/contact\/#form\"><span class=\"stk-button__inner-text\">Ponerse en contacto<\/span><\/a><\/div>\n<\/div><\/div>","protected":false},"excerpt":{"rendered":"<p>Privacy Policy Who we are UTP, and our website address is UTPparts.com. Embedded content from other websites Pages on this site may include embedded content (e.g. videos, images, articles, etc.). Embedded content from other websites behaves exactly as if the visitor has visited the other website. These websites may collect data about you, use cookies, [&hellip;]<\/p>\n","protected":false},"author":1,"featured_media":0,"parent":0,"menu_order":0,"comment_status":"closed","ping_status":"closed","template":"","meta":{"footnotes":""},"class_list":["post-3","page","type-page","status-publish","hentry"],"blocksy_meta":[],"_links":{"self":[{"href":"https:\/\/utpparts.com\/es\/wp-json\/wp\/v2\/pages\/3","targetHints":{"allow":["GET"]}}],"collection":[{"href":"https:\/\/utpparts.com\/es\/wp-json\/wp\/v2\/pages"}],"about":[{"href":"https:\/\/utpparts.com\/es\/wp-json\/wp\/v2\/types\/page"}],"author":[{"embeddable":true,"href":"https:\/\/utpparts.com\/es\/wp-json\/wp\/v2\/users\/1"}],"replies":[{"embeddable":true,"href":"https:\/\/utpparts.com\/es\/wp-json\/wp\/v2\/comments?post=3"}],"version-history":[{"count":4,"href":"https:\/\/utpparts.com\/es\/wp-json\/wp\/v2\/pages\/3\/revisions"}],"predecessor-version":[{"id":1476,"href":"https:\/\/utpparts.com\/es\/wp-json\/wp\/v2\/pages\/3\/revisions\/1476"}],"wp:attachment":[{"href":"https:\/\/utpparts.com\/es\/wp-json\/wp\/v2\/media?parent=3"}],"curies":[{"name":"gracias","href":"https:\/\/api.w.org\/{rel}","templated":true}]}}